{"id":214,"date":"2017-01-23T10:31:24","date_gmt":"2017-01-23T10:31:24","guid":{"rendered":"https:\/\/lamar.gengob.org\/?page_id=214"},"modified":"2017-05-03T16:15:47","modified_gmt":"2017-05-03T16:15:47","slug":"voluntariado","status":"publish","type":"page","link":"https:\/\/lamar.gengob.org\/es\/voluntariado\/","title":{"rendered":"Voluntariado"},"content":{"rendered":"<p>[et_pb_section admin_label=\u00bbsection\u00bb][et_pb_row admin_label=\u00bbrow\u00bb][et_pb_column type=\u00bb4_4&#8243;][et_pb_post_title admin_label=\u00bbT\u00edtulo de publicaci\u00f3n\u00bb title=\u00bbon\u00bb meta=\u00bboff\u00bb author=\u00bbon\u00bb date=\u00bbon\u00bb categories=\u00bbon\u00bb comments=\u00bbon\u00bb featured_image=\u00bboff\u00bb featured_placement=\u00bbbelow\u00bb parallax_effect=\u00bbon\u00bb parallax_method=\u00bbon\u00bb text_orientation=\u00bbleft\u00bb text_color=\u00bbdark\u00bb text_background=\u00bboff\u00bb text_bg_color=\u00bbrgba(255,255,255,0.9)\u00bb module_bg_color=\u00bbrgba(255,255,255,0)\u00bb use_border_color=\u00bboff\u00bb border_color=\u00bb#ffffff\u00bb border_style=\u00bbsolid\u00bb title_font_size=\u00bb35px\u00bb title_text_color=\u00bb#ad1814&#8243;] [\/et_pb_post_title][et_pb_text admin_label=\u00bbTexto\u00bb background_layout=\u00bblight\u00bb text_orientation=\u00bbleft\u00bb use_border_color=\u00bboff\u00bb border_color=\u00bb#ffffff\u00bb border_style=\u00bbsolid\u00bb custom_css_main_element=\u00bbtext-align: justify;\u00bb]<\/p>\n<p>\u00bfTe gustar\u00eda ayudar al GEN-GOB? \u00bfTienes ganas de contribuir a la conservaci\u00f3n de la Mar? \u00bfTienes habilidades, conocimientos, experiencia que nos pueden ser de ayuda para proteger y conserva el medio marino?<\/p>\n<p><img loading=\"lazy\" decoding=\"async\" class=\"alignnone wp-image-823 aligncenter\" src=\"https:\/\/lamar.gengob.org\/wp-content\/uploads\/2017\/01\/kayak-16.08.2016-300x268.jpg\" alt=\"\" width=\"289\" height=\"258\" srcset=\"https:\/\/lamar.gengob.org\/wp-content\/uploads\/2017\/01\/kayak-16.08.2016-300x268.jpg 300w, https:\/\/lamar.gengob.org\/wp-content\/uploads\/2017\/01\/kayak-16.08.2016-768x685.jpg 768w, https:\/\/lamar.gengob.org\/wp-content\/uploads\/2017\/01\/kayak-16.08.2016-1024x913.jpg 1024w, https:\/\/lamar.gengob.org\/wp-content\/uploads\/2017\/01\/kayak-16.08.2016-1080x963.jpg 1080w, https:\/\/lamar.gengob.org\/wp-content\/uploads\/2017\/01\/kayak-16.08.2016.jpg 1200w\" sizes=\"(max-width: 289px) 100vw, 289px\" \/><\/p>\n<p>Si estas interesado ponte en contacto con notros mandando un correo al mail posidonia@gengob.org<\/p>\n<p><strong>Hazte Voluntaria del GEN-GOB!<\/strong><\/p>\n<p>Organizamos actividades de voluntariado en diferentes \u00e1mbitos y espacios naturales, de la que tienes un peque\u00f1a muestra a continuaci\u00f3n. Recuerda que la mejor manera de seguirnos es a trav\u00e9s de nuestras redes sociales.<\/p>\n<p><strong>Red de Vigilancia Ambiental<\/strong><\/p>\n<p>Red de voluntarios creada a partir de la suma de esfuerzos de tres entidades: la Cruz Roja Espa\u00f1ola, la Asociaci\u00f3n de Voluntarios de Ibiza y el GEN-GOB. Tiene como objetivo principal concienciar a los usuarios n\u00e1uticos de la importancia de conservar las praderas de <em>Posidonia oceanica<\/em>. Puedes participar en la campa\u00f1a de verano repartiendo folletos informativos a borde de un paddle surf o piragua.<\/p>\n<p><img loading=\"lazy\" decoding=\"async\" class=\"size-medium wp-image-824 aligncenter\" src=\"https:\/\/lamar.gengob.org\/wp-content\/uploads\/2017\/01\/Red-de-Vigilancia-Ambiental-300x164.png\" alt=\"\" width=\"300\" height=\"164\" srcset=\"https:\/\/lamar.gengob.org\/wp-content\/uploads\/2017\/01\/Red-de-Vigilancia-Ambiental-300x164.png 300w, https:\/\/lamar.gengob.org\/wp-content\/uploads\/2017\/01\/Red-de-Vigilancia-Ambiental-768x419.png 768w, https:\/\/lamar.gengob.org\/wp-content\/uploads\/2017\/01\/Red-de-Vigilancia-Ambiental.png 930w\" sizes=\"(max-width: 300px) 100vw, 300px\" \/><\/p>\n<p><strong>Ciencia ciudadana<\/strong><\/p>\n<p>Participaci\u00f3n en campa\u00f1as para reconocer algas invasoras y la identificaci\u00f3n del molusco <em>Dendropoma lebeche<\/em>. Tambi\u00e9n se ofrece la posibilidad de realizar inmersiones durante el verano para documentar y caracterizar el estado de las praderas de <em>Posidonia oceanica.<\/em><\/p>\n<p><strong>Parue Natural ses Salinas<\/strong><\/p>\n<p>En colaboraci\u00f3n con el Parque Natural de ses Salinas, se organizan actividades para erradicar flora invasora y replantar especies aut\u00f3ctonas.<\/p>\n<p><strong>Voluntariado litoral<\/strong><\/p>\n<p>Realizamos jornadas de voluntariado en las zonas litorales\u00a0 para reconocer problem\u00e1ticas como son los residuos, las especies invasoras, micropl\u00e1sticos del mar.<\/p>\n<p><strong>Voluntarios profesionales especializados<\/strong><\/p>\n<p>Profesionales en el campo de la biolog\u00eda marina, fotograf\u00eda submarina, dise\u00f1o web, traductores\u2026 son bienvenidos para aportar sus conocimientos en las campa\u00f1as que tenemos en marcha.<\/p>\n<p>[\/et_pb_text][\/et_pb_column][\/et_pb_row][\/et_pb_section]<\/p>","protected":false},"excerpt":{"rendered":"<p>\u00bfTe gustar\u00eda ayudar al GEN-GOB? \u00bfTienes ganas de contribuir a la conservaci\u00f3n de la Mar? \u00bfTienes habilidades, conocimientos, experiencia que nos pueden ser de ayuda para proteger y conserva el medio marino? Si estas interesado ponte en contacto con notros mandando un correo al mail posidonia@gengob.org Hazte Voluntaria del GEN-GOB! Organizamos actividades de voluntariado en [&hellip;]<\/p>\n","protected":false},"author":1,"featured_media":823,"parent":0,"menu_order":11,"comment_status":"closed","ping_status":"closed","template":"","meta":{"_et_pb_use_builder":"on","_et_pb_old_content":"","_et_gb_content_width":"","footnotes":""},"_links":{"self":[{"href":"https:\/\/lamar.gengob.org\/es\/wp-json\/wp\/v2\/pages\/214"}],"collection":[{"href":"https:\/\/lamar.gengob.org\/es\/wp-json\/wp\/v2\/pages"}],"about":[{"href":"https:\/\/lamar.gengob.org\/es\/wp-json\/wp\/v2\/types\/page"}],"author":[{"embeddable":true,"href":"https:\/\/lamar.gengob.org\/es\/wp-json\/wp\/v2\/users\/1"}],"replies":[{"embeddable":true,"href":"https:\/\/lamar.gengob.org\/es\/wp-json\/wp\/v2\/comments?post=214"}],"version-history":[{"count":22,"href":"https:\/\/lamar.gengob.org\/es\/wp-json\/wp\/v2\/pages\/214\/revisions"}],"predecessor-version":[{"id":1093,"href":"https:\/\/lamar.gengob.org\/es\/wp-json\/wp\/v2\/pages\/214\/revisions\/1093"}],"wp:featuredmedia":[{"embeddable":true,"href":"https:\/\/lamar.gengob.org\/es\/wp-json\/wp\/v2\/media\/823"}],"wp:attachment":[{"href":"https:\/\/lamar.gengob.org\/es\/wp-json\/wp\/v2\/media?parent=214"}],"curies":[{"name":"wp","href":"https:\/\/api.w.org\/{rel}","templated":true}]}}