{"id":225,"date":"2017-01-24T11:20:26","date_gmt":"2017-01-24T11:20:26","guid":{"rendered":"https:\/\/lamar.gengob.org\/?page_id=225"},"modified":"2017-05-01T20:35:28","modified_gmt":"2017-05-01T20:35:28","slug":"que-hacemos","status":"publish","type":"page","link":"https:\/\/lamar.gengob.org\/es\/que-hacemos\/","title":{"rendered":"Que hacemos"},"content":{"rendered":"<p>[et_pb_section admin_label=\u00bbsection\u00bb][et_pb_row admin_label=\u00bbrow\u00bb][et_pb_column type=\u00bb4_4&#8243;][et_pb_post_title admin_label=\u00bbT\u00edtulo de publicaci\u00f3n\u00bb title=\u00bbon\u00bb meta=\u00bboff\u00bb author=\u00bbon\u00bb date=\u00bbon\u00bb categories=\u00bbon\u00bb comments=\u00bbon\u00bb featured_image=\u00bboff\u00bb featured_placement=\u00bbbelow\u00bb parallax_effect=\u00bbon\u00bb parallax_method=\u00bbon\u00bb text_orientation=\u00bbleft\u00bb text_color=\u00bbdark\u00bb text_background=\u00bboff\u00bb text_bg_color=\u00bbrgba(255,255,255,0.9)\u00bb module_bg_color=\u00bbrgba(255,255,255,0)\u00bb title_font_size=\u00bb35px\u00bb title_text_color=\u00bb#ad1814&#8243; use_border_color=\u00bboff\u00bb border_color=\u00bb#ffffff\u00bb border_style=\u00bbsolid\u00bb] [\/et_pb_post_title][et_pb_text admin_label=\u00bbTexto\u00bb background_layout=\u00bblight\u00bb text_orientation=\u00bbleft\u00bb use_border_color=\u00bboff\u00bb border_color=\u00bb#ffffff\u00bb border_style=\u00bbsolid\u00bb]<\/p>\n<p><span style=\"color: #3366ff;\"><strong><em>La Mar, una responsabilidad compartida<\/em><\/strong><\/span> es un proyecto de gobernanza marina que trabaja en diferentes \u00e1mbitos.<\/p>\n<p>&nbsp;<\/p>\n<h3><strong>Trabajo en red<\/strong><\/h3>\n<ul>\n<li>Establecer marcos de cooperaci\u00f3n, gobernanza y concienciaci\u00f3n entre los sectores p\u00fablico, social y privado para avanzar en el uso sostenible de los recursos naturales.<\/li>\n<li>Gesti\u00f3n integral de zonas de fondeos en pitiusas. Trabajo conjunto con administraciones insulares y municipales, para definir un plan integral de fondeos en Pitiusas, que revierta la situaci\u00f3n de deterioro que sufren las praderas de <em>Posidonia oceanica<\/em>, como consecuencia del fondeo incontrolado de embarcaciones.<\/li>\n<li>Promover la cogesti\u00f3n como herramienta de gesti\u00f3n del sector pesquero artesanal en Pitiusas. Siguiendo el ejemplo exitoso en otras comunidades del estado espa\u00f1ol, queremos dar a conocer y fomentar la cogesti\u00f3n como f\u00f3rmula para implicar al sector pesquero en la toma de decisiones y en la propia gesti\u00f3n de la pesca desde el punto de visto de su sostenibilidad econ\u00f3mica y ambiental.<\/li>\n<li>Formamos parte y colaboramos con la Alianza mar Blava contra las prospecciones petrol\u00edferas en el mar balear (participaci\u00f3n en los grupos de trabajo, recogida de firmas, debates p\u00fablicos, contacto y visitas a otros lugares donde hay proyectos en marcha como Catalunya o Canarias, etc.)<\/li>\n<li>Realizamos y\/o colaboramos en campa\u00f1as con otras organizaciones (WWF, Amics de la Terra, Eivissa antipetrolifera, Eivissa diu No, etc.) en defensa de la mar, de la pesca sostenible y a favor de un nuevo modelo energ\u00e9tico basado en las energ\u00edas renovables.<\/li>\n<li>Realizaci\u00f3n de v\u00eddeos de sensibilizaci\u00f3n en defensa del mar y de los recursos pesqueros.<\/li>\n<\/ul>\n<p>&nbsp;<\/p>\n<h3><strong>Sensibilizaci\u00f3n, Estudios e Informes<\/strong><\/h3>\n<ul>\n<li>Sensibilizaci\u00f3n a los usuarios n\u00e1uticos de la importancia de no fondear sobre las praderas de <em>Posidonia oceanica.<\/em><\/li>\n<li>Elaboraci\u00f3n y difusi\u00f3n de recursos para difundir el proyecto y las pr\u00e1cticas sostenibles vinculadas con el mar: Story Maps, infograf\u00edas web, manuales de buenas pr\u00e1cticas, informes sobre fondeos, folletos, pegatinas, etc. Uso de RRSS para dar difusi\u00f3n a las noticias del proyecto y uso de la web marina.<\/li>\n<li>Fondeo incontrolado de embarcaciones.<\/li>\n<li>Estudio de la erosi\u00f3n generada por embarcaciones en playas y calas.<\/li>\n<li>Estudio de la evoluci\u00f3n de la pradera y el arrecife barrera de <em>Posidonia oceanica<\/em> en la bah\u00eda de Talamanca.<\/li>\n<li>Caracterizaci\u00f3n de las praderas de <em>Posidonia oceanica<\/em> en las principales zonas de fondeo de las Pitiusas.<\/li>\n<li>An\u00e1lisis de la contaminaci\u00f3n generada por el vertido de aguas residuales en el mar sin la neces\u00e1ria depuraci\u00f3n (depuradoras, sentinas de embarcaciones).<\/li>\n<li>Realizaci\u00f3n de anal\u00edticas de agua en el litoral pitiuso.<\/li>\n<\/ul>\n<p>[\/et_pb_text][\/et_pb_column][\/et_pb_row][\/et_pb_section]<\/p>","protected":false},"excerpt":{"rendered":"<p>La Mar, una responsabilidad compartida es un proyecto de gobernanza marina que trabaja en diferentes \u00e1mbitos. &nbsp; Trabajo en red Establecer marcos de cooperaci\u00f3n, gobernanza y concienciaci\u00f3n entre los sectores p\u00fablico, social y privado para avanzar en el uso sostenible de los recursos naturales. Gesti\u00f3n integral de zonas de fondeos en pitiusas. Trabajo conjunto con [&hellip;]<\/p>\n","protected":false},"author":1,"featured_media":0,"parent":0,"menu_order":10,"comment_status":"closed","ping_status":"closed","template":"","meta":{"_et_pb_use_builder":"on","_et_pb_old_content":"","_et_gb_content_width":"","footnotes":""},"_links":{"self":[{"href":"https:\/\/lamar.gengob.org\/es\/wp-json\/wp\/v2\/pages\/225"}],"collection":[{"href":"https:\/\/lamar.gengob.org\/es\/wp-json\/wp\/v2\/pages"}],"about":[{"href":"https:\/\/lamar.gengob.org\/es\/wp-json\/wp\/v2\/types\/page"}],"author":[{"embeddable":true,"href":"https:\/\/lamar.gengob.org\/es\/wp-json\/wp\/v2\/users\/1"}],"replies":[{"embeddable":true,"href":"https:\/\/lamar.gengob.org\/es\/wp-json\/wp\/v2\/comments?post=225"}],"version-history":[{"count":15,"href":"https:\/\/lamar.gengob.org\/es\/wp-json\/wp\/v2\/pages\/225\/revisions"}],"predecessor-version":[{"id":972,"href":"https:\/\/lamar.gengob.org\/es\/wp-json\/wp\/v2\/pages\/225\/revisions\/972"}],"wp:attachment":[{"href":"https:\/\/lamar.gengob.org\/es\/wp-json\/wp\/v2\/media?parent=225"}],"curies":[{"name":"wp","href":"https:\/\/api.w.org\/{rel}","templated":true}]}}