{"id":236,"date":"2017-01-24T11:35:05","date_gmt":"2017-01-24T11:35:05","guid":{"rendered":"https:\/\/lamar.gengob.org\/?page_id=236"},"modified":"2017-07-26T13:32:07","modified_gmt":"2017-07-26T13:32:07","slug":"informacion-ambiental","status":"publish","type":"page","link":"https:\/\/lamar.gengob.org\/es\/informacion-ambiental\/","title":{"rendered":"Informaci\u00f3n ambiental"},"content":{"rendered":"<p>[et_pb_section bb_built=\u00bb1&#8243; admin_label=\u00bbSecci\u00f3n\u00bb fullwidth=\u00bbon\u00bb specialty=\u00bboff\u00bb][et_pb_fullwidth_header admin_label=\u00bbT\u00edtulo de anchura completa\u00bb title=\u00bbInformaci\u00f3n ambiental\u00bb background_layout=\u00bbdark\u00bb text_orientation=\u00bbcenter\u00bb header_fullscreen=\u00bboff\u00bb header_scroll_down=\u00bboff\u00bb parallax=\u00bboff\u00bb parallax_method=\u00bbon\u00bb content_orientation=\u00bbcenter\u00bb image_orientation=\u00bbcenter\u00bb custom_button_one=\u00bboff\u00bb button_one_letter_spacing=\u00bb0&#8243; button_one_use_icon=\u00bbdefault\u00bb button_one_icon_placement=\u00bbright\u00bb button_one_on_hover=\u00bbon\u00bb button_one_letter_spacing_hover=\u00bb0&#8243; custom_button_two=\u00bboff\u00bb button_two_letter_spacing=\u00bb0&#8243; button_two_use_icon=\u00bbdefault\u00bb button_two_icon_placement=\u00bbright\u00bb button_two_on_hover=\u00bbon\u00bb button_two_letter_spacing_hover=\u00bb0&#8243; background_color=\u00bb#424242&#8243; background_url=\u00bbhttps:\/\/lamar.gengob.org\/wp-content\/uploads\/2017\/01\/Mar-2.jpg\u00bb background_overlay_color=\u00bbrgba(38,38,38,0.4)\u00bb title_font_size=\u00bb40px\u00bb background_image=\u00bbhttps:\/\/lamar.gengob.org\/wp-content\/uploads\/2017\/01\/Mar-2.jpg\u00bb \/][et_pb_fullwidth_menu admin_label=\u00bbMen\u00fa de anchura completa\u00bb menu_id=\u00bb3&#8243; background_color=\u00bb#262626&#8243; background_layout=\u00bbdark\u00bb text_orientation=\u00bbleft\u00bb submenu_direction=\u00bbdownwards\u00bb fullwidth_menu=\u00bboff\u00bb dropdown_menu_animation=\u00bbfade\u00bb active_link_color=\u00bb#bcbcbc\u00bb menu_font=\u00bbOswald||||\u00bb menu_font_size=\u00bb16px\u00bb menu_letter_spacing=\u00bb1px\u00bb _builder_version=\u00bb3.0.50&#8243; \/][\/et_pb_section][et_pb_section bb_built=\u00bb1&#8243; admin_label=\u00bbSecci\u00f3n\u00bb fullwidth=\u00bbon\u00bb specialty=\u00bboff\u00bb transparent_background=\u00bboff\u00bb allow_player_pause=\u00bboff\u00bb inner_shadow=\u00bboff\u00bb parallax=\u00bboff\u00bb parallax_method=\u00bboff\u00bb custom_padding=\u00bb|200px|50px|200px\u00bb make_fullwidth=\u00bboff\u00bb use_custom_width=\u00bboff\u00bb width_unit=\u00bbon\u00bb make_equal=\u00bboff\u00bb use_custom_gutter=\u00bboff\u00bb background_color=\u00bb#ededed\u00bb][et_pb_fullwidth_portfolio admin_label=\u00bbPortafolios de anchura completa\u00bb title=\u00bbStory Maps\u00bb fullwidth=\u00bbon\u00bb include_categories=\u00bb4&#8243; show_title=\u00bbon\u00bb show_date=\u00bboff\u00bb background_layout=\u00bblight\u00bb auto=\u00bboff\u00bb hover_overlay_color=\u00bbrgba(255,255,255,0.9)\u00bb border_style=\u00bbsolid\u00bb border_width=\u00bb4px\u00bb custom_css_portfolio_item=\u00bbpadding-right: 20px;\u00bb zoom_icon_color=\u00bb#ad1814&#8243; _builder_version=\u00bb3.0.50&#8243; \/][\/et_pb_section][et_pb_section bb_built=\u00bb1&#8243; admin_label=\u00bbSecci\u00f3n\u00bb fullwidth=\u00bboff\u00bb specialty=\u00bboff\u00bb][et_pb_row admin_label=\u00bbFila\u00bb make_fullwidth=\u00bboff\u00bb use_custom_width=\u00bboff\u00bb width_unit=\u00bbon\u00bb use_custom_gutter=\u00bboff\u00bb allow_player_pause=\u00bboff\u00bb parallax=\u00bboff\u00bb parallax_method=\u00bboff\u00bb make_equal=\u00bboff\u00bb parallax_1=\u00bboff\u00bb parallax_method_1=\u00bboff\u00bb][et_pb_column type=\u00bb4_4&#8243;][et_pb_cta admin_label=\u00bbLlamada a la acci\u00f3n\u00bb button_url=\u00bbhttps:\/\/play.google.com\/store\/apps\/details?id=com.esri.VigilanciaAmbientalPitiusas\u00bb url_new_window=\u00bbon\u00bb button_text=\u00bbDescargar\u00bb use_background_color=\u00bboff\u00bb background_color=\u00bb#7EBEC5&#8243; background_layout=\u00bblight\u00bb text_orientation=\u00bbleft\u00bb use_border_color=\u00bboff\u00bb border_color=\u00bb#ffffff\u00bb border_style=\u00bbsolid\u00bb custom_button=\u00bbon\u00bb button_letter_spacing=\u00bb0&#8243; button_use_icon=\u00bbdefault\u00bb button_icon_placement=\u00bbright\u00bb button_on_hover=\u00bbon\u00bb button_letter_spacing_hover=\u00bb0&#8243; button_text_color=\u00bb#ad1814&#8243; button_border_color=\u00bb#ad1814&#8243; button_icon_color=\u00bb#ad1814&#8243;]<\/p>\n<h2><img loading=\"lazy\" decoding=\"async\" class=\"size-medium wp-image-410 alignleft\" src=\"https:\/\/lamar.gengob.org\/wp-content\/uploads\/2017\/01\/Vigilancia-300x253.jpg\" alt=\"\" width=\"300\" height=\"253\" srcset=\"https:\/\/lamar.gengob.org\/wp-content\/uploads\/2017\/01\/Vigilancia-300x253.jpg 300w, https:\/\/lamar.gengob.org\/wp-content\/uploads\/2017\/01\/Vigilancia.jpg 700w\" sizes=\"(max-width: 300px) 100vw, 300px\" \/>Aplicaci\u00f3n Vigilancia Ambiental<\/h2>\n<p>Esta aplicaci\u00f3n permite geolocalizar los impactos m\u00e1s significativos de las costas de las Pitiusas. El funcionamiento es muy sencillo, se trata de hacer una foto del impacto, rellenar una serie de campos y enviar el informe. Una vez realizado el proceso, todos los impactos se localizar\u00e1n en un mapa online.<\/p>\n<h2><\/h2>\n<p>[\/et_pb_cta][\/et_pb_column][\/et_pb_row][\/et_pb_section]<\/p>","protected":false},"excerpt":{"rendered":"<p>Aplicaci\u00f3n Vigilancia Ambiental Esta aplicaci\u00f3n permite geolocalizar los impactos m\u00e1s significativos de las costas de las Pitiusas. El funcionamiento es muy sencillo, se trata de hacer una foto del impacto, rellenar una serie de campos y enviar el informe. Una vez realizado el proceso, todos los impactos se localizar\u00e1n en un mapa online.<\/p>\n","protected":false},"author":1,"featured_media":0,"parent":0,"menu_order":13,"comment_status":"closed","ping_status":"closed","template":"","meta":{"_et_pb_use_builder":"on","_et_pb_old_content":"","_et_gb_content_width":"","footnotes":""},"_links":{"self":[{"href":"https:\/\/lamar.gengob.org\/es\/wp-json\/wp\/v2\/pages\/236"}],"collection":[{"href":"https:\/\/lamar.gengob.org\/es\/wp-json\/wp\/v2\/pages"}],"about":[{"href":"https:\/\/lamar.gengob.org\/es\/wp-json\/wp\/v2\/types\/page"}],"author":[{"embeddable":true,"href":"https:\/\/lamar.gengob.org\/es\/wp-json\/wp\/v2\/users\/1"}],"replies":[{"embeddable":true,"href":"https:\/\/lamar.gengob.org\/es\/wp-json\/wp\/v2\/comments?post=236"}],"version-history":[{"count":67,"href":"https:\/\/lamar.gengob.org\/es\/wp-json\/wp\/v2\/pages\/236\/revisions"}],"predecessor-version":[{"id":1515,"href":"https:\/\/lamar.gengob.org\/es\/wp-json\/wp\/v2\/pages\/236\/revisions\/1515"}],"wp:attachment":[{"href":"https:\/\/lamar.gengob.org\/es\/wp-json\/wp\/v2\/media?parent=236"}],"curies":[{"name":"wp","href":"https:\/\/api.w.org\/{rel}","templated":true}]}}