{"id":332,"date":"2017-01-28T11:36:19","date_gmt":"2017-01-28T11:36:19","guid":{"rendered":"https:\/\/lamar.gengob.org\/?page_id=332"},"modified":"2017-11-07T14:41:07","modified_gmt":"2017-11-07T14:41:07","slug":"informes","status":"publish","type":"page","link":"https:\/\/lamar.gengob.org\/es\/informes\/","title":{"rendered":"Informes"},"content":{"rendered":"<p>[et_pb_section bb_built=\u00bb1&#8243; admin_label=\u00bbSecci\u00f3n\u00bb fullwidth=\u00bbon\u00bb specialty=\u00bboff\u00bb][et_pb_fullwidth_header admin_label=\u00bbT\u00edtulo de anchura completa\u00bb title=\u00bbInformes\u00bb background_layout=\u00bbdark\u00bb text_orientation=\u00bbcenter\u00bb header_fullscreen=\u00bboff\u00bb header_scroll_down=\u00bboff\u00bb background_url=\u00bbhttps:\/\/lamar.gengob.org\/wp-content\/uploads\/2017\/01\/Mar-3.jpg\u00bb background_overlay_color=\u00bbrgba(38,38,38,0.4)\u00bb parallax=\u00bboff\u00bb parallax_method=\u00bboff\u00bb content_orientation=\u00bbcenter\u00bb image_orientation=\u00bbcenter\u00bb title_font_size=\u00bb40px\u00bb custom_button_one=\u00bboff\u00bb button_one_letter_spacing=\u00bb0&#8243; button_one_use_icon=\u00bbdefault\u00bb button_one_icon_placement=\u00bbright\u00bb button_one_on_hover=\u00bbon\u00bb button_one_letter_spacing_hover=\u00bb0&#8243; custom_button_two=\u00bboff\u00bb button_two_letter_spacing=\u00bb0&#8243; button_two_use_icon=\u00bbdefault\u00bb button_two_icon_placement=\u00bbright\u00bb button_two_on_hover=\u00bbon\u00bb button_two_letter_spacing_hover=\u00bb0&#8243; background_image=\u00bbhttps:\/\/lamar.gengob.org\/wp-content\/uploads\/2017\/01\/Mar-3.jpg\u00bb \/][et_pb_fullwidth_menu admin_label=\u00bbMen\u00fa de anchura completa\u00bb menu_id=\u00bb3&#8243; background_color=\u00bb#262626&#8243; background_layout=\u00bbdark\u00bb text_orientation=\u00bbleft\u00bb submenu_direction=\u00bbdownwards\u00bb fullwidth_menu=\u00bboff\u00bb active_link_color=\u00bb#bcbcbc\u00bb dropdown_menu_animation=\u00bbfade\u00bb menu_font=\u00bbOswald||||\u00bb menu_font_size=\u00bb16px\u00bb menu_letter_spacing=\u00bb1px\u00bb \/][\/et_pb_section][et_pb_section bb_built=\u00bb1&#8243; admin_label=\u00bbSecci\u00f3n\u00bb fullwidth=\u00bboff\u00bb specialty=\u00bboff\u00bb][et_pb_row admin_label=\u00bbFila\u00bb background_position=\u00bbtop_left\u00bb background_repeat=\u00bbrepeat\u00bb background_size=\u00bbinitial\u00bb][et_pb_column type=\u00bb4_4&#8243;][et_pb_portfolio admin_label=\u00bbPortafolios\u00bb saved_tabs=\u00bball\u00bb global_module=\u00bb1190&#8243; fullwidth=\u00bboff\u00bb posts_number=\u00bb4&#8243; include_categories=\u00bb16&#8243; show_title=\u00bbon\u00bb show_categories=\u00bboff\u00bb show_pagination=\u00bbon\u00bb background_layout=\u00bblight\u00bb hover_overlay_color=\u00bbrgba(255,255,255,0.9)\u00bb border_style=\u00bbsolid\u00bb background_position=\u00bbtop_left\u00bb background_repeat=\u00bbrepeat\u00bb background_size=\u00bbinitial\u00bb _builder_version=\u00bb3.0.50&#8243; zoom_icon_color=\u00bb#2ea3f2&#8243; \/][\/et_pb_column][\/et_pb_row][\/et_pb_section]<\/p>","protected":false},"excerpt":{"rendered":"<p>Disculpa, pero esta entrada est\u00e1 disponible s\u00f3lo en Catal\u00e1n y Ingl\u00e9s Estadounidense.<\/p>\n","protected":false},"author":1,"featured_media":0,"parent":0,"menu_order":8,"comment_status":"closed","ping_status":"closed","template":"","meta":{"_et_pb_use_builder":"on","_et_pb_old_content":"","_et_gb_content_width":"","footnotes":""},"_links":{"self":[{"href":"https:\/\/lamar.gengob.org\/es\/wp-json\/wp\/v2\/pages\/332"}],"collection":[{"href":"https:\/\/lamar.gengob.org\/es\/wp-json\/wp\/v2\/pages"}],"about":[{"href":"https:\/\/lamar.gengob.org\/es\/wp-json\/wp\/v2\/types\/page"}],"author":[{"embeddable":true,"href":"https:\/\/lamar.gengob.org\/es\/wp-json\/wp\/v2\/users\/1"}],"replies":[{"embeddable":true,"href":"https:\/\/lamar.gengob.org\/es\/wp-json\/wp\/v2\/comments?post=332"}],"version-history":[{"count":66,"href":"https:\/\/lamar.gengob.org\/es\/wp-json\/wp\/v2\/pages\/332\/revisions"}],"predecessor-version":[{"id":1590,"href":"https:\/\/lamar.gengob.org\/es\/wp-json\/wp\/v2\/pages\/332\/revisions\/1590"}],"wp:attachment":[{"href":"https:\/\/lamar.gengob.org\/es\/wp-json\/wp\/v2\/media?parent=332"}],"curies":[{"name":"wp","href":"https:\/\/api.w.org\/{rel}","templated":true}]}}