{"id":463,"date":"2017-02-01T12:06:04","date_gmt":"2017-02-01T12:06:04","guid":{"rendered":"https:\/\/lamar.gengob.org\/?page_id=463"},"modified":"2017-05-03T16:27:14","modified_gmt":"2017-05-03T16:27:14","slug":"haz-un-donativo","status":"publish","type":"page","link":"https:\/\/lamar.gengob.org\/es\/haz-un-donativo\/","title":{"rendered":"Haz un donativo"},"content":{"rendered":"<p>[et_pb_section admin_label=\u00bbsection\u00bb transparent_background=\u00bboff\u00bb allow_player_pause=\u00bboff\u00bb inner_shadow=\u00bboff\u00bb parallax=\u00bboff\u00bb parallax_method=\u00bbon\u00bb make_fullwidth=\u00bboff\u00bb use_custom_width=\u00bboff\u00bb width_unit=\u00bboff\u00bb custom_width_px=\u00bb1080px\u00bb custom_width_percent=\u00bb80%\u00bb make_equal=\u00bboff\u00bb use_custom_gutter=\u00bboff\u00bb fullwidth=\u00bboff\u00bb specialty=\u00bboff\u00bb disabled=\u00bboff\u00bb][et_pb_row admin_label=\u00bbrow\u00bb make_fullwidth=\u00bboff\u00bb use_custom_width=\u00bboff\u00bb width_unit=\u00bboff\u00bb custom_width_px=\u00bb1080px\u00bb custom_width_percent=\u00bb80%\u00bb use_custom_gutter=\u00bboff\u00bb gutter_width=\u00bb3&#8243; allow_player_pause=\u00bboff\u00bb parallax=\u00bboff\u00bb parallax_method=\u00bbon\u00bb make_equal=\u00bboff\u00bb parallax_1=\u00bboff\u00bb parallax_method_1=\u00bbon\u00bb parallax_2=\u00bboff\u00bb parallax_method_2=\u00bbon\u00bb parallax_3=\u00bboff\u00bb parallax_method_3=\u00bbon\u00bb parallax_4=\u00bboff\u00bb parallax_method_4=\u00bbon\u00bb disabled=\u00bboff\u00bb][et_pb_column type=\u00bb4_4&#8243;][et_pb_post_title admin_label=\u00bbT\u00edtulo de publicaci\u00f3n\u00bb title=\u00bbon\u00bb meta=\u00bboff\u00bb author=\u00bbon\u00bb date=\u00bbon\u00bb date_format=\u00bbM j, Y\u00bb categories=\u00bbon\u00bb comments=\u00bbon\u00bb featured_image=\u00bboff\u00bb featured_placement=\u00bbbelow\u00bb parallax_effect=\u00bbon\u00bb parallax_method=\u00bbon\u00bb text_orientation=\u00bbleft\u00bb text_color=\u00bbdark\u00bb text_background=\u00bboff\u00bb text_bg_color=\u00bbrgba(255,255,255,0.9)\u00bb title_text_color=\u00bb#ad1814&#8243; use_border_color=\u00bboff\u00bb border_color=\u00bb#ffffff\u00bb border_width=\u00bb1px\u00bb border_style=\u00bbsolid\u00bb disabled=\u00bboff\u00bb] [\/et_pb_post_title][et_pb_text admin_label=\u00bbTexto\u00bb background_layout=\u00bblight\u00bb text_orientation=\u00bbleft\u00bb use_border_color=\u00bboff\u00bb border_style=\u00bbsolid\u00bb disabled=\u00bboff\u00bb]<\/p>\n<p>Nuestras campa\u00f1as y proyectos necesitan del soporte econ\u00f3mico de socios y simpatizantes. A trav\u00e9s de la plataforma de Pau pal podr\u00e1s realizar un donativo f\u00e1cilmente, en pocos segundos, y de forma segura:<\/p>\n<p>Tambi\u00e9n puedes realizar un ingreso indicando el nombre completo y el DNI, y poniendo \u201cDonativo\u201d como concepto, en el siguiente n\u00famero de cuanta:<\/p>\n<p>Escribir n\u00fameros de cuenta<\/p>\n<p>Recuerda que los donativos al GEN-GOB tienen una desgravaci\u00f3n del 25% de su importe en el IRPF.<\/p>\n<p>Y si quieres dar apoyo de una forma m\u00e1s comprometida, \u00fanete a nosotros <a href=\"https:\/\/lamar.gengob.org\/es\/hazte-socio\/\">Hazte socio!<\/a><\/p>\n<p>[\/et_pb_text][\/et_pb_column][\/et_pb_row][\/et_pb_section]<\/p>","protected":false},"excerpt":{"rendered":"<p>Nuestras campa\u00f1as y proyectos necesitan del soporte econ\u00f3mico de socios y simpatizantes. A trav\u00e9s de la plataforma de Pau pal podr\u00e1s realizar un donativo f\u00e1cilmente, en pocos segundos, y de forma segura: Tambi\u00e9n puedes realizar un ingreso indicando el nombre completo y el DNI, y poniendo \u201cDonativo\u201d como concepto, en el siguiente n\u00famero de cuanta: [&hellip;]<\/p>\n","protected":false},"author":1,"featured_media":0,"parent":0,"menu_order":0,"comment_status":"closed","ping_status":"closed","template":"","meta":{"_et_pb_use_builder":"on","_et_pb_old_content":"","_et_gb_content_width":"","footnotes":""},"_links":{"self":[{"href":"https:\/\/lamar.gengob.org\/es\/wp-json\/wp\/v2\/pages\/463"}],"collection":[{"href":"https:\/\/lamar.gengob.org\/es\/wp-json\/wp\/v2\/pages"}],"about":[{"href":"https:\/\/lamar.gengob.org\/es\/wp-json\/wp\/v2\/types\/page"}],"author":[{"embeddable":true,"href":"https:\/\/lamar.gengob.org\/es\/wp-json\/wp\/v2\/users\/1"}],"replies":[{"embeddable":true,"href":"https:\/\/lamar.gengob.org\/es\/wp-json\/wp\/v2\/comments?post=463"}],"version-history":[{"count":15,"href":"https:\/\/lamar.gengob.org\/es\/wp-json\/wp\/v2\/pages\/463\/revisions"}],"predecessor-version":[{"id":1096,"href":"https:\/\/lamar.gengob.org\/es\/wp-json\/wp\/v2\/pages\/463\/revisions\/1096"}],"wp:attachment":[{"href":"https:\/\/lamar.gengob.org\/es\/wp-json\/wp\/v2\/media?parent=463"}],"curies":[{"name":"wp","href":"https:\/\/api.w.org\/{rel}","templated":true}]}}