{"id":470,"date":"2017-02-01T12:11:54","date_gmt":"2017-02-01T12:11:54","guid":{"rendered":"https:\/\/lamar.gengob.org\/?page_id=470"},"modified":"2017-05-03T16:31:32","modified_gmt":"2017-05-03T16:31:32","slug":"empresas-colaboradoras","status":"publish","type":"page","link":"https:\/\/lamar.gengob.org\/es\/empresas-colaboradoras\/","title":{"rendered":"Empresas colaboradoras"},"content":{"rendered":"<p>[et_pb_section admin_label=\u00bbsection\u00bb][et_pb_row admin_label=\u00bbrow\u00bb][et_pb_column type=\u00bb4_4&#8243;][et_pb_post_title admin_label=\u00bbT\u00edtulo de publicaci\u00f3n\u00bb title=\u00bbon\u00bb meta=\u00bboff\u00bb author=\u00bbon\u00bb date=\u00bbon\u00bb categories=\u00bbon\u00bb comments=\u00bbon\u00bb featured_image=\u00bboff\u00bb featured_placement=\u00bbbelow\u00bb parallax_effect=\u00bbon\u00bb parallax_method=\u00bbon\u00bb text_orientation=\u00bbleft\u00bb text_color=\u00bbdark\u00bb text_background=\u00bboff\u00bb text_bg_color=\u00bbrgba(255,255,255,0.9)\u00bb module_bg_color=\u00bbrgba(255,255,255,0)\u00bb title_text_color=\u00bb#ad1814&#8243; use_border_color=\u00bboff\u00bb border_color=\u00bb#ffffff\u00bb border_style=\u00bbsolid\u00bb] [\/et_pb_post_title][et_pb_text admin_label=\u00bbText\u00bb background_layout=\u00bblight\u00bb text_orientation=\u00bbleft\u00bb use_border_color=\u00bboff\u00bb border_color=\u00bb#ffffff\u00bb border_style=\u00bbsolid\u00bb]<\/p>\n<p>El GEN-GOB busca la colaboraci\u00f3n de empresas que quieran participar en la conservaci\u00f3n de los valores naturales de las islas, la educaci\u00f3n y sensibilizaci\u00f3n ambiental i la protecci\u00f3n del medio marino. Mediante el patrocinio, el nombre de una empresa se asicia al proyecto marino \u201cLa mar, una responsabilidad compartida\u201d.<\/p>\n<p>[\/et_pb_text][et_pb_contact_form admin_label=\u00bbFormulario de contacto\u00bb captcha=\u00bbon\u00bb use_redirect=\u00bboff\u00bb input_border_radius=\u00bb0&#8243; use_border_color=\u00bboff\u00bb border_color=\u00bb#ffffff\u00bb border_style=\u00bbsolid\u00bb custom_button=\u00bboff\u00bb button_letter_spacing=\u00bb0&#8243; button_use_icon=\u00bbdefault\u00bb button_icon_placement=\u00bbright\u00bb button_on_hover=\u00bbon\u00bb button_letter_spacing_hover=\u00bb0&#8243;] [et_pb_contact_field field_title=\u00bbNombre\u00bb field_type=\u00bbinput\u00bb field_id=\u00bbName\u00bb required_mark=\u00bbon\u00bb fullwidth_field=\u00bboff\u00bb form_field_font_select=\u00bbdefault\u00bb form_field_font=\u00bb||||\u00bb use_border_color=\u00bboff\u00bb border_style=\u00bbsolid\u00bb] [\/et_pb_contact_field][et_pb_contact_field field_title=\u00bbDirecci\u00f3n de correo electr\u00f3nico\u00bb field_type=\u00bbemail\u00bb field_id=\u00bbEmail\u00bb required_mark=\u00bbon\u00bb fullwidth_field=\u00bboff\u00bb] [\/et_pb_contact_field][et_pb_contact_field field_title=\u00bbMensaje\u00bb field_type=\u00bbtext\u00bb field_id=\u00bbMessage\u00bb required_mark=\u00bbon\u00bb fullwidth_field=\u00bbon\u00bb] [\/et_pb_contact_field] [\/et_pb_contact_form][\/et_pb_column][\/et_pb_row][\/et_pb_section]<\/p>","protected":false},"excerpt":{"rendered":"<p>El GEN-GOB busca la colaboraci\u00f3n de empresas que quieran participar en la conservaci\u00f3n de los valores naturales de las islas, la educaci\u00f3n y sensibilizaci\u00f3n ambiental i la protecci\u00f3n del medio marino. Mediante el patrocinio, el nombre de una empresa se asicia al proyecto marino \u201cLa mar, una responsabilidad compartida\u201d.<\/p>\n","protected":false},"author":1,"featured_media":0,"parent":0,"menu_order":0,"comment_status":"closed","ping_status":"closed","template":"","meta":{"_et_pb_use_builder":"on","_et_pb_old_content":"","_et_gb_content_width":"","footnotes":""},"_links":{"self":[{"href":"https:\/\/lamar.gengob.org\/es\/wp-json\/wp\/v2\/pages\/470"}],"collection":[{"href":"https:\/\/lamar.gengob.org\/es\/wp-json\/wp\/v2\/pages"}],"about":[{"href":"https:\/\/lamar.gengob.org\/es\/wp-json\/wp\/v2\/types\/page"}],"author":[{"embeddable":true,"href":"https:\/\/lamar.gengob.org\/es\/wp-json\/wp\/v2\/users\/1"}],"replies":[{"embeddable":true,"href":"https:\/\/lamar.gengob.org\/es\/wp-json\/wp\/v2\/comments?post=470"}],"version-history":[{"count":15,"href":"https:\/\/lamar.gengob.org\/es\/wp-json\/wp\/v2\/pages\/470\/revisions"}],"predecessor-version":[{"id":982,"href":"https:\/\/lamar.gengob.org\/es\/wp-json\/wp\/v2\/pages\/470\/revisions\/982"}],"wp:attachment":[{"href":"https:\/\/lamar.gengob.org\/es\/wp-json\/wp\/v2\/media?parent=470"}],"curies":[{"name":"wp","href":"https:\/\/api.w.org\/{rel}","templated":true}]}}