{"id":565,"date":"2017-02-07T12:24:12","date_gmt":"2017-02-07T12:24:12","guid":{"rendered":"https:\/\/lamar.gengob.org\/aviso-legal\/"},"modified":"2017-04-30T15:27:57","modified_gmt":"2017-04-30T15:27:57","slug":"aviso-legal","status":"publish","type":"page","link":"https:\/\/lamar.gengob.org\/es\/aviso-legal\/","title":{"rendered":"Aviso legal"},"content":{"rendered":"<p>[et_pb_section admin_label=\u00bbsection\u00bb][et_pb_row admin_label=\u00bbrow\u00bb][et_pb_column type=\u00bb4_4&#8243;][et_pb_post_title admin_label=\u00bbT\u00edtulo de publicaci\u00f3n\u00bb title=\u00bbon\u00bb meta=\u00bboff\u00bb author=\u00bbon\u00bb date=\u00bbon\u00bb categories=\u00bbon\u00bb comments=\u00bbon\u00bb featured_image=\u00bboff\u00bb featured_placement=\u00bbbelow\u00bb parallax_effect=\u00bbon\u00bb parallax_method=\u00bbon\u00bb text_orientation=\u00bbleft\u00bb text_color=\u00bbdark\u00bb text_background=\u00bboff\u00bb text_bg_color=\u00bbrgba(255,255,255,0.9)\u00bb module_bg_color=\u00bbrgba(255,255,255,0)\u00bb title_text_color=\u00bb#ad1814&#8243; use_border_color=\u00bboff\u00bb border_color=\u00bb#ffffff\u00bb border_style=\u00bbsolid\u00bb title_font_size=\u00bb35px\u00bb] [\/et_pb_post_title][et_pb_text admin_label=\u00bbTexto\u00bb background_layout=\u00bblight\u00bb text_orientation=\u00bbleft\u00bb use_border_color=\u00bboff\u00bb border_color=\u00bb#ffffff\u00bb border_style=\u00bbsolid\u00bb]<\/p>\n<p><strong>AVISO LEGAL<\/strong><\/p>\n<p><strong>1. Identificaci\u00f3n y contacto del propietario de la web.<\/strong><\/p>\n<p>[legalplus_WEB_DOMAIN] (en adelante la web) es propiedad de [legalplus_TITULAR] (en adelante el Titular) con domicilio en [legalplus_COMPLETE_ADDRESS], Espa\u00f1a, con CIF\/NIF [legalplus_IDENT_CODE] tel\u00e9fono [legalplus_TELEPHONE] y correo electr\u00f3nico [legalplus_EMAIL].<\/p>\n<p>&nbsp;<\/p>\n<p>&nbsp;<\/p>\n<p>&nbsp;<\/p>\n<p><strong>Otros datos del propietario:<\/strong><\/p>\n<p>Datos de inscripci\u00f3n en Registro Mercantil: [legalplus_REGISTER]<\/p>\n<p>C\u00f3digos de conducta adheridos: [legalplus_CONDUCT_CODE]<\/p>\n<p>Autorizaci\u00f3n administrativa especial: [legalplus_LICENCE]<\/p>\n<p>Datos colegiaci\u00f3n: [legalplus_COLEGE]<\/p>\n<p><strong>2. \u00c1mbito de aplicaci\u00f3n<\/strong><\/p>\n<p>La navegaci\u00f3n por el sitio web del Titular implica asumir la condici\u00f3n de usuario y la aceptaci\u00f3n absoluta de lo manifestado en este Aviso Legal.<\/p>\n<p><strong>3. Edad.<\/strong><\/p>\n<p>El registro en nuestra web est\u00e1 dirigido a mayores de dieciocho (18) a\u00f1os. Si se detectara el registro de un menor de 18 a\u00f1os, esa cuenta ser\u00e1 autom\u00e1ticamente eliminada.<\/p>\n<p><strong>4. Propiedad intelectual o industrial.<\/strong><\/p>\n<p>Los contenidos de la Web, por ejemplo textos, im\u00e1genes, gr\u00e1ficos o c\u00f3digo fuente, est\u00e1n protegidos por derechos de propiedad intelectual e industrial.<\/p>\n<p>Tales contenidos no podr\u00e1n ser, por ejemplo, reproducidos o transformados sin el permiso previo y expl\u00edcito del Titular. Los usuarios pueden acceder a los contenidos y realizar copias privadas autorizadas siempre que los elementos reproducidos no sean cedidos posteriormente a terceros, ni se instalen en servidores en red, ni sean objeto de ning\u00fan tipo de explotaci\u00f3n.<\/p>\n<p><strong>5. Normas comunes de uso de la web.<\/strong><\/p>\n<p>El usuario se compromete a hacer un uso de la Web de acuerdo a las siguientes normas:<\/p>\n<ul>\n<li>No publicar\u00e1 comunicaciones comerciales a trav\u00e9s del sitio web.<\/li>\n<li>No recopilar\u00e1 contenido o informaci\u00f3n de otros usuarios.<\/li>\n<li>No cargar\u00e1 virus ni c\u00f3digo malintencionado de ning\u00fan tipo.<\/li>\n<li>No solicitar\u00e1 informaci\u00f3n de inicio de sesi\u00f3n ni acceder\u00e1 a una cuenta perteneciente a otro usuario.<\/li>\n<li>No molestar\u00e1, intimidar\u00e1 ni acosar\u00e1 a ning\u00fan usuario.<\/li>\n<li>No realizar\u00e1 actos il\u00edcitos, enga\u00f1osos, malintencionados o discriminatorios en el sitio web, de acuerdo a estas condiciones y al ordenamiento<br \/>\njur\u00eddico espa\u00f1ol.<\/li>\n<li>No har\u00e1 nada que pueda poner en peligro la seguridad de su cuenta, especialmente respecto a su contrase\u00f1a. De hecho, comunicar\u00e1 cualquier incidencia relacionada con su contrase\u00f1a, cuenta, vulneraci\u00f3n de la confidencialidad de tus datos, peligro o amenaza detectada en la seguridad de sus datos.<\/li>\n<\/ul>\n<p>El Titular podr\u00e1 eliminar cualquier contenido o suspender el servicio si seg\u00fan su propio criterio, incumple cualquiera de las normas y obligaciones descritas en este Aviso Legal.<\/p>\n<p>Para cualquier consulta o aclaraci\u00f3n sobre estas normas comunitarias en particular o estas condiciones en particular, puede contactarnos v\u00eda email.<\/p>\n<p><strong>6. Enlaces y limitaci\u00f3n de responsabilidad.<\/strong><\/p>\n<p>El establecimiento de un hiperenlace no implica en ning\u00fan caso la existencia de relaciones entre el Titular y el propietario del sitio web en la que se establezca, ni la aceptaci\u00f3n y aprobaci\u00f3n por parte del Titular de sus contenidos o servicios. Aquellas personas que se propongan establecer un hiperenlace previamente deber\u00e1n solicitar autorizaci\u00f3n por escrito al Titular. En todo caso, el hiperenlace \u00fanicamente permitir\u00e1 el acceso a la p\u00e1gina de inicio de nuestro sitio web, asimismo deber\u00e1 abstenerse de realizar manifestaciones o indicaciones falsas, inexactas o incorrectas sobre el Titular, o incluir contenidos il\u00edcitos, contrarios a las buenas costumbres y al orden p\u00fablico.<\/p>\n<p>El Titular no se responsabiliza del uso que cada usuario le d\u00e9 a los materiales puestos a disposici\u00f3n en este sitio web ni de las actuaciones que realice en base a los mismos. El contenido de la Web es de car\u00e1cter general y meramente informativo.<\/p>\n<p>El Titular no asumir\u00e1 responsabilidad por el contenido o funcionamiento de webs de terceros a los que el usuario de la Tienda pueda acceder mediante cualquier tipo de enlace.<\/p>\n<p>El Titular declina cualquier responsabilidad, hasta donde permita el ordenamiento jur\u00eddico, por los da\u00f1os y perjuicios derivados de la presencia de virus, de las actuaciones de terceros que vulneren derechos de propiedad, al honor, a la intimidad o sobre publicidad il\u00edcita.<\/p>\n<p>Si alg\u00fan usuario o tercero considera que en la Web se est\u00e1 cometiendo alg\u00fan il\u00edcito de cualquier tipo debe remitir una comunicaci\u00f3n al Titular a la direcci\u00f3n de email que aparece en nuestros datos identificativos. Deber\u00e1 identificarse debidamente especificando los hechos que denuncia.<\/p>\n<p><strong>7. Privacidad.<\/strong><\/p>\n<p>Si en la Web se recabaran datos personales, el Titular ser\u00e1 responsable de los mismos y los tratar\u00e1 con absoluta confidencialidad y seguridad. Podr\u00e1 encontrar m\u00e1s informaci\u00f3n sobre nuestra pol\u00edtica de privacidad y cookies en la p\u00e1gina espec\u00edfica de informaci\u00f3n sobre esta cuesti\u00f3n.<\/p>\n<p><strong>8. Legislaci\u00f3n aplicable, soluci\u00f3n de cuestiones controvertidas y foro competente<\/strong><\/p>\n<p>El uso de la Web se regir\u00e1 por la legislaci\u00f3n espa\u00f1ola. Cualquier controversia que surja o guarde relaci\u00f3n con el uso de la Web, ser\u00e1 sometido a la jurisdicci\u00f3n no exclusiva de los Juzgados y Tribunales del municipio donde radica el domicilio social del Titular, salvo que la normativa en vigor o el c\u00f3digo de conducta establezca foro distinto.<\/p>\n<p>[\/et_pb_text][\/et_pb_column][\/et_pb_row][\/et_pb_section]<\/p>","protected":false},"excerpt":{"rendered":"<p>AVISO LEGAL 1. Identificaci\u00f3n y contacto del propietario de la web. [legalplus_WEB_DOMAIN] (en adelante la web) es propiedad de [legalplus_TITULAR] (en adelante el Titular) con domicilio en [legalplus_COMPLETE_ADDRESS], Espa\u00f1a, con CIF\/NIF [legalplus_IDENT_CODE] tel\u00e9fono [legalplus_TELEPHONE] y correo electr\u00f3nico [legalplus_EMAIL]. &nbsp; &nbsp; &nbsp; Otros datos del propietario: Datos de inscripci\u00f3n en Registro Mercantil: [legalplus_REGISTER] C\u00f3digos de conducta [&hellip;]<\/p>\n","protected":false},"author":1,"featured_media":0,"parent":0,"menu_order":0,"comment_status":"closed","ping_status":"closed","template":"","meta":{"_et_pb_use_builder":"on","_et_pb_old_content":"<p><strong>AVISO LEGAL<\/strong><\/p><p><strong>1. Identificaci\u00f3n y contacto del propietario de la web.<\/strong><\/p><p>[legalplus_WEB_DOMAIN] (en adelante la web) es propiedad de [legalplus_TITULAR] (en adelante el Titular) con domicilio en [legalplus_COMPLETE_ADDRESS], Espa\u00f1a, con CIF\/NIF [legalplus_IDENT_CODE] tel\u00e9fono [legalplus_TELEPHONE] y correo electr\u00f3nico [legalplus_EMAIL].<\/p><p><strong>Otros datos del propietario:<\/strong><\/p><p>Datos de inscripci\u00f3n en Registro Mercantil: [legalplus_REGISTER]<\/p><p>C\u00f3digos de conducta adheridos: [legalplus_CONDUCT_CODE]<\/p><p>Autorizaci\u00f3n administrativa especial: [legalplus_LICENCE]<\/p><p>Datos colegiaci\u00f3n: [legalplus_COLEGE]<\/p><p><strong>2. \u00c1mbito de aplicaci\u00f3n<\/strong><\/p><p>La navegaci\u00f3n por el sitio web del Titular implica asumir la condici\u00f3n de usuario y la aceptaci\u00f3n absoluta de lo manifestado en este Aviso Legal.<\/p><p><strong>3. Edad.<\/strong><\/p><p>El registro en nuestra web est\u00e1 dirigido a mayores de dieciocho (18) a\u00f1os. Si se detectara el registro de un menor de 18 a\u00f1os, esa cuenta ser\u00e1 autom\u00e1ticamente eliminada.<\/p><p><strong>4. Propiedad intelectual o industrial.<\/strong><\/p><p>Los contenidos de la Web, por ejemplo textos, im\u00e1genes, gr\u00e1ficos o c\u00f3digo fuente, est\u00e1n protegidos por derechos de propiedad intelectual e industrial.<\/p><p>Tales contenidos no podr\u00e1n ser, por ejemplo, reproducidos o transformados sin el permiso previo y expl\u00edcito del Titular. Los usuarios pueden acceder a los contenidos y realizar copias privadas autorizadas siempre que los elementos reproducidos no sean cedidos posteriormente a terceros, ni se instalen en servidores en red, ni sean objeto de ning\u00fan tipo de explotaci\u00f3n.<\/p><p><strong>5. Normas comunes de uso de la web.<\/strong><\/p><p>El usuario se compromete a hacer un uso de la Web de acuerdo a las siguientes normas:<\/p><ul><li><p>No publicar\u00e1 comunicaciones comerciales a trav\u00e9s del sitio web.<\/p><\/li><li><p>No recopilar\u00e1 contenido o informaci\u00f3n de otros usuarios.<\/p><\/li><li><p>No cargar\u00e1 virus ni c\u00f3digo malintencionado de ning\u00fan tipo.<\/p><\/li><li><p>No solicitar\u00e1 informaci\u00f3n de inicio de sesi\u00f3n ni acceder\u00e1 a una cuenta perteneciente a otro usuario.<\/p><\/li><li><p>No molestar\u00e1, intimidar\u00e1 ni acosar\u00e1 a ning\u00fan usuario.<\/p><\/li><li><p>No realizar\u00e1 actos il\u00edcitos, enga\u00f1osos, malintencionados o discriminatorios en el sitio web, de acuerdo a estas condiciones y al ordenamiento<br \/> jur\u00eddico espa\u00f1ol.<\/p><\/li><li><p>No har\u00e1 nada que pueda poner en peligro la seguridad de su cuenta, especialmente respecto a su contrase\u00f1a. De hecho, comunicar\u00e1 cualquier incidencia relacionada con su contrase\u00f1a, cuenta, vulneraci\u00f3n de la confidencialidad de tus datos, peligro o amenaza detectada en la seguridad de sus datos.<\/p><\/li><\/ul><p>El Titular podr\u00e1 eliminar cualquier contenido o suspender el servicio si seg\u00fan su propio criterio, incumple cualquiera de las normas y obligaciones descritas en este Aviso Legal.<\/p><p>Para cualquier consulta o aclaraci\u00f3n sobre estas normas comunitarias en particular o estas condiciones en particular, puede contactarnos v\u00eda email.<\/p><p><strong>6. Enlaces y limitaci\u00f3n de responsabilidad.<\/strong><\/p><p>El establecimiento de un hiperenlace no implica en ning\u00fan caso la existencia de relaciones entre el Titular y el propietario del sitio web en la que se establezca, ni la aceptaci\u00f3n y aprobaci\u00f3n por parte del Titular de sus contenidos o servicios. Aquellas personas que se propongan establecer un hiperenlace previamente deber\u00e1n solicitar autorizaci\u00f3n por escrito al Titular. En todo caso, el hiperenlace \u00fanicamente permitir\u00e1 el acceso a la p\u00e1gina de inicio de nuestro sitio web, asimismo deber\u00e1 abstenerse de realizar manifestaciones o indicaciones falsas, inexactas o incorrectas sobre el Titular, o incluir contenidos il\u00edcitos, contrarios a las buenas costumbres y al orden p\u00fablico.<\/p><p>El Titular no se responsabiliza del uso que cada usuario le d\u00e9 a los materiales puestos a disposici\u00f3n en este sitio web ni de las actuaciones que realice en base a los mismos. El contenido de la Web es de car\u00e1cter general y meramente informativo.<\/p><p>El Titular no asumir\u00e1 responsabilidad por el contenido o funcionamiento de webs de terceros a los que el usuario de la Tienda pueda acceder mediante cualquier tipo de enlace.<\/p><p>El Titular declina cualquier responsabilidad, hasta donde permita el ordenamiento jur\u00eddico, por los da\u00f1os y perjuicios derivados de la presencia de virus, de las actuaciones de terceros que vulneren derechos de propiedad, al honor, a la intimidad o sobre publicidad il\u00edcita.<\/p><p>Si alg\u00fan usuario o tercero considera que en la Web se est\u00e1 cometiendo alg\u00fan il\u00edcito de cualquier tipo debe remitir una comunicaci\u00f3n al Titular a la direcci\u00f3n de email que aparece en nuestros datos identificativos. Deber\u00e1 identificarse debidamente especificando los hechos que denuncia.<\/p><p><strong>7. Privacidad.<\/strong><\/p><p>Si en la Web se recabaran datos personales, el Titular ser\u00e1 responsable de los mismos y los tratar\u00e1 con absoluta confidencialidad y seguridad. Podr\u00e1 encontrar m\u00e1s informaci\u00f3n sobre nuestra pol\u00edtica de privacidad y cookies en la p\u00e1gina espec\u00edfica de informaci\u00f3n sobre esta cuesti\u00f3n.<\/p><p><strong>8. Legislaci\u00f3n aplicable, soluci\u00f3n de cuestiones controvertidas y foro competente<\/strong><\/p><p>El uso de la Web se regir\u00e1 por la legislaci\u00f3n espa\u00f1ola. Cualquier controversia que surja o guarde relaci\u00f3n con el uso de la Web, ser\u00e1 sometido a la jurisdicci\u00f3n no exclusiva de los Juzgados y Tribunales del municipio donde radica el domicilio social del Titular, salvo que la normativa en vigor o el c\u00f3digo de conducta establezca foro distinto.<\/p>","_et_gb_content_width":"","footnotes":""},"_links":{"self":[{"href":"https:\/\/lamar.gengob.org\/es\/wp-json\/wp\/v2\/pages\/565"}],"collection":[{"href":"https:\/\/lamar.gengob.org\/es\/wp-json\/wp\/v2\/pages"}],"about":[{"href":"https:\/\/lamar.gengob.org\/es\/wp-json\/wp\/v2\/types\/page"}],"author":[{"embeddable":true,"href":"https:\/\/lamar.gengob.org\/es\/wp-json\/wp\/v2\/users\/1"}],"replies":[{"embeddable":true,"href":"https:\/\/lamar.gengob.org\/es\/wp-json\/wp\/v2\/comments?post=565"}],"version-history":[{"count":12,"href":"https:\/\/lamar.gengob.org\/es\/wp-json\/wp\/v2\/pages\/565\/revisions"}],"predecessor-version":[{"id":946,"href":"https:\/\/lamar.gengob.org\/es\/wp-json\/wp\/v2\/pages\/565\/revisions\/946"}],"wp:attachment":[{"href":"https:\/\/lamar.gengob.org\/es\/wp-json\/wp\/v2\/media?parent=565"}],"curies":[{"name":"wp","href":"https:\/\/api.w.org\/{rel}","templated":true}]}}