{"id":74,"date":"2017-01-13T11:38:52","date_gmt":"2017-01-13T11:38:52","guid":{"rendered":"https:\/\/lamar.gengob.org\/?page_id=74"},"modified":"2022-03-17T18:45:50","modified_gmt":"2022-03-17T18:45:50","slug":"el-gen","status":"publish","type":"page","link":"https:\/\/lamar.gengob.org\/es\/el-gen\/","title":{"rendered":"El GEN"},"content":{"rendered":"<p>[et_pb_section fb_built=\u00bb1&#8243; _builder_version=\u00bb4.14.8&#8243; _module_preset=\u00bbdefault\u00bb global_colors_info=\u00bb{}\u00bb][et_pb_row _builder_version=\u00bb4.14.8&#8243; _module_preset=\u00bbdefault\u00bb global_colors_info=\u00bb{}\u00bb][et_pb_column type=\u00bb4_4&#8243; _builder_version=\u00bb4.14.8&#8243; _module_preset=\u00bbdefault\u00bb global_colors_info=\u00bb{}\u00bb][et_pb_text _builder_version=\u00bb4.14.8&#8243; _module_preset=\u00bbdefault\u00bb global_colors_info=\u00bb{}\u00bb]<\/p>\n<h2><\/p>\n<p>&nbsp;<\/p>\n<h2>El GEN<\/h2>\n<p>El GEN-GOB Eivissa es una organizaci\u00f3n no gubernamental sin \u00e1nimo de lucro, legalmente constituida, que tiene como finalidad, de acuerdo a sus estatutos, \u201cconseguir el equilibrio estable y definitivo entre las actividades humanas y la conservaci\u00f3n de la naturaleza para conseguir un entorno de sostenibilidad ecol\u00f3gica y social.\u201d<\/p>\n<p>&nbsp;<\/p>\n<p>El GEN-GOB Eivissa es una organizaci\u00f3n plural, independiente y libre, que no depende de ninguna organizaci\u00f3n pol\u00edtica, financiara o privada. Se financia, principalmente, de las cuotas de sus socios, as\u00ed como la prestaci\u00f3n de servicios vinculados con el medio ambiente, venta de publicaciones y de sus donativos.<\/p>\n<p>&nbsp;<\/p>\n<p>M\u00e1s informaci\u00f3n: www.gengob.org<\/p>\n<p>&nbsp;<\/p>\n<h2><\/p>\n<p>[\/et_pb_text][\/et_pb_column][\/et_pb_row][\/et_pb_section]<\/p>","protected":false},"excerpt":{"rendered":"<p>&nbsp; El GEN El GEN-GOB Eivissa es una organizaci\u00f3n no gubernamental sin \u00e1nimo de lucro, legalmente constituida, que tiene como finalidad, de acuerdo a sus estatutos, \u201cconseguir el equilibrio estable y definitivo entre las actividades humanas y la conservaci\u00f3n de la naturaleza para conseguir un entorno de sostenibilidad ecol\u00f3gica y social.\u201d &nbsp; El GEN-GOB Eivissa [&hellip;]<\/p>\n","protected":false},"author":1,"featured_media":0,"parent":0,"menu_order":4,"comment_status":"closed","ping_status":"closed","template":"","meta":{"_et_pb_use_builder":"on","_et_pb_old_content":"","_et_gb_content_width":"","footnotes":""},"_links":{"self":[{"href":"https:\/\/lamar.gengob.org\/es\/wp-json\/wp\/v2\/pages\/74"}],"collection":[{"href":"https:\/\/lamar.gengob.org\/es\/wp-json\/wp\/v2\/pages"}],"about":[{"href":"https:\/\/lamar.gengob.org\/es\/wp-json\/wp\/v2\/types\/page"}],"author":[{"embeddable":true,"href":"https:\/\/lamar.gengob.org\/es\/wp-json\/wp\/v2\/users\/1"}],"replies":[{"embeddable":true,"href":"https:\/\/lamar.gengob.org\/es\/wp-json\/wp\/v2\/comments?post=74"}],"version-history":[{"count":17,"href":"https:\/\/lamar.gengob.org\/es\/wp-json\/wp\/v2\/pages\/74\/revisions"}],"predecessor-version":[{"id":2017,"href":"https:\/\/lamar.gengob.org\/es\/wp-json\/wp\/v2\/pages\/74\/revisions\/2017"}],"wp:attachment":[{"href":"https:\/\/lamar.gengob.org\/es\/wp-json\/wp\/v2\/media?parent=74"}],"curies":[{"name":"wp","href":"https:\/\/api.w.org\/{rel}","templated":true}]}}