{"id":76,"date":"2017-01-13T11:39:16","date_gmt":"2017-01-13T11:39:16","guid":{"rendered":"https:\/\/lamar.gengob.org\/?page_id=76"},"modified":"2017-05-22T07:46:47","modified_gmt":"2017-05-22T07:46:47","slug":"el-proyecto","status":"publish","type":"page","link":"https:\/\/lamar.gengob.org\/es\/el-proyecto\/","title":{"rendered":"El proyecto"},"content":{"rendered":"<p>[et_pb_section admin_label=\u00bbsection\u00bb][et_pb_row admin_label=\u00bbrow\u00bb][et_pb_column type=\u00bb4_4&#8243;][et_pb_post_title admin_label=\u00bbT\u00edtulo de publicaci\u00f3n\u00bb title=\u00bbon\u00bb meta=\u00bboff\u00bb author=\u00bbon\u00bb date=\u00bbon\u00bb categories=\u00bbon\u00bb comments=\u00bbon\u00bb featured_image=\u00bboff\u00bb featured_placement=\u00bbbelow\u00bb parallax_effect=\u00bbon\u00bb parallax_method=\u00bbon\u00bb text_orientation=\u00bbleft\u00bb text_color=\u00bbdark\u00bb text_background=\u00bboff\u00bb text_bg_color=\u00bbrgba(255,255,255,0.9)\u00bb module_bg_color=\u00bbrgba(255,255,255,0)\u00bb title_font_size=\u00bb35px\u00bb title_text_color=\u00bb#ad1814&#8243; use_border_color=\u00bboff\u00bb border_color=\u00bb#ffffff\u00bb border_style=\u00bbsolid\u00bb] [\/et_pb_post_title][et_pb_text admin_label=\u00bbTexto\u00bb background_layout=\u00bblight\u00bb text_orientation=\u00bbleft\u00bb use_border_color=\u00bboff\u00bb border_color=\u00bb#ffffff\u00bb border_style=\u00bbsolid\u00bb custom_css_main_element=\u00bbtext-align: justify;\u00bb]<\/p>\n<h3>Nuevos horitzontes en pol\u00edtica marina<\/h3>\n<p>Actualmente en Europa, presente y\u00a0 futuro de las actividades en el Mar, se inscriben en un marco de transformaci\u00f3n de la perspectiva, expectativa i estrategias respecto a las pol\u00edticas aplicadas en los \u00faltimos a\u00f1os. De una parte, la Pol\u00edtica Mar\u00edtima Integrada (2007) se ha convertido en la plataforma m\u00e1s ambiciosa de la UE respecto del mar i las posibilidades de aprovechamiento econ\u00f3mico del territorio y de los recursos mar\u00edtimos,\u00a0 englobando actividades i recursos como la energ\u00eda, la acuicultura, el turismo mar\u00edtimo y costero, los recursos minerales marinos o la biotecnolog\u00eda azul.<\/p>\n<p>Por otro lado, la Directiva Marco sobre la Estrategia marina (2008) creada para establecer un marco de acci\u00f3n comunitaria para el medio marino, establece la obligaci\u00f3n de conseguir un buen estado ambiental de las aguas marinas de Europa mediante la elaboraci\u00f3n de estrategias capaces de mantener la biodiversidad y preservar la diversidad y el dinamismo de los mares y oc\u00e9anos para que est\u00e9n limpios, sanos y puedan ser aprovechados de forma sostenible.<\/p>\n<p>Esta normativa se ha transpuesto, al estado espa\u00f1ol, mediante la ley 41\/2010 de protecci\u00f3n del medio marino, teniendo presentes, no solo la actividad pesquera, tambi\u00e9n el impacto de otras actividades humanas (navegaci\u00f3n, turismo, biotecnolog\u00eda, residuos agr\u00edcolas i urbanos, etc.). En referencia a la pesca, esta ley es de gran importancia, ya que crea la Red de Areas Marinas Protegidas (RAMPE).<\/p>\n<p>Efectivamente, la nueva Pol\u00edtiva Pesquera Com\u00fan (PPC) favorece e impulsa las iniciativas de las flotas artesanales: asignando posibilidades de pesca seg\u00fan criterios ambientales, sociales, hist\u00f3ricos i de pesca responsable; incentivando barcos con artes m\u00e1s selectivas; e impulsando modelos de cogesti\u00f3n (entendida como la participaci\u00f3n de las partes interesadas en las herramientas de gesti\u00f3n de los recursos). En definitiva, las pesquer\u00edas artesanales o de peque\u00f1a escala pasan a convertirse en objeto preferente de atenci\u00f3n pol\u00edtica para favorecer la consecuci\u00f3n de objetivos de sostenibilidad en sentido amplio (ecol\u00f3gica, econ\u00f3mica, socio-cultural i pol\u00edtico-institucional).<\/p>\n<p>&nbsp;<\/p>\n<h3>La Mar, una responsabilitad compartida<\/h3>\n<p><em><strong>La Mar, una responsabilidad compartida<\/strong><\/em> es un proyecto del GEN-GOB Eivissa, iniciado en mayo del 2013 y que cuenta con el apoyo de la <a href=\"http:\/\/www.ibizapreservationfund.org\" target=\"_blank\"><em><strong>Fundaci\u00f3 para \u00a0la Conservaci\u00f3 de Ibiza<\/strong><\/em>\u00a0<strong><em>i \u00a0Formentera<\/em><\/strong><\/a> i <strong><em><a href=\"http:\/\/www.adessium.org\/\" target=\"_blank\">ADESSIUM FOUNDATION<\/a><\/em><\/strong>,\u00a0y tiene como principales objetivos: la mejora de la calidad ambiental de la mar i de los recursos marinos.<\/p>\n<p>Durante la ejecuci\u00f3n de este proyecto pretendemos implicar a los agentes vinculados con el medio marino (pescadores, centros de buceo, sector n\u00e1utico, administraci\u00f3n, etc.) y trabajar todos juntos en la conservaci\u00f3n y correcta gesti\u00f3n de los ecosistemas litorales y marinos.<\/p>\n<p>[\/et_pb_text][\/et_pb_column][\/et_pb_row][\/et_pb_section]<\/p>","protected":false},"excerpt":{"rendered":"<p>Nuevos horitzontes en pol\u00edtica marina Actualmente en Europa, presente y\u00a0 futuro de las actividades en el Mar, se inscriben en un marco de transformaci\u00f3n de la perspectiva, expectativa i estrategias respecto a las pol\u00edticas aplicadas en los \u00faltimos a\u00f1os. De una parte, la Pol\u00edtica Mar\u00edtima Integrada (2007) se ha convertido en la plataforma m\u00e1s ambiciosa [&hellip;]<\/p>\n","protected":false},"author":1,"featured_media":0,"parent":0,"menu_order":5,"comment_status":"closed","ping_status":"closed","template":"","meta":{"_et_pb_use_builder":"on","_et_pb_old_content":"","_et_gb_content_width":"","footnotes":""},"_links":{"self":[{"href":"https:\/\/lamar.gengob.org\/es\/wp-json\/wp\/v2\/pages\/76"}],"collection":[{"href":"https:\/\/lamar.gengob.org\/es\/wp-json\/wp\/v2\/pages"}],"about":[{"href":"https:\/\/lamar.gengob.org\/es\/wp-json\/wp\/v2\/types\/page"}],"author":[{"embeddable":true,"href":"https:\/\/lamar.gengob.org\/es\/wp-json\/wp\/v2\/users\/1"}],"replies":[{"embeddable":true,"href":"https:\/\/lamar.gengob.org\/es\/wp-json\/wp\/v2\/comments?post=76"}],"version-history":[{"count":15,"href":"https:\/\/lamar.gengob.org\/es\/wp-json\/wp\/v2\/pages\/76\/revisions"}],"predecessor-version":[{"id":1398,"href":"https:\/\/lamar.gengob.org\/es\/wp-json\/wp\/v2\/pages\/76\/revisions\/1398"}],"wp:attachment":[{"href":"https:\/\/lamar.gengob.org\/es\/wp-json\/wp\/v2\/media?parent=76"}],"curies":[{"name":"wp","href":"https:\/\/api.w.org\/{rel}","templated":true}]}}